{"id":1538,"date":"2018-05-23T09:51:15","date_gmt":"2018-05-23T08:51:15","guid":{"rendered":"http:\/\/www.jahn-bergturnfest.de\/?page_id=1538"},"modified":"2018-05-23T09:51:15","modified_gmt":"2018-05-23T08:51:15","slug":"cookie-information","status":"publish","type":"page","link":"https:\/\/www.jahn-bergturnfest.de\/?page_id=1538","title":{"rendered":"Cookie-Information"},"content":{"rendered":"<p>Die Cookie-Einstellungen auf dieser Website sind auf &#8222;Cookies zulassen&#8220; eingestellt, um das beste Surferlebnis zu erm\u00f6glichen. Wenn du diese Website ohne \u00c4nderung der Cookie-Einstellungen verwendest oder auf &#8222;Akzeptieren&#8220; klickst, erkl\u00e4rst du sich damit einverstanden.<\/p>\n","protected":false},"excerpt":{"rendered":"<p>Die Cookie-Einstellungen auf dieser Website sind auf &#8222;Cookies zulassen&#8220; eingestellt, um das beste Surferlebnis zu erm\u00f6glichen. Wenn du diese Website ohne \u00c4nderung der Cookie-Einstellungen verwendest oder auf &#8222;Akzeptieren&#8220; klickst, erkl\u00e4rst du sich damit einverstanden.<\/p>\n","protected":false},"author":1,"featured_media":0,"parent":0,"menu_order":0,"comment_status":"closed","ping_status":"closed","template":"","meta":{"ngg_post_thumbnail":0,"footnotes":""},"class_list":["post-1538","page","type-page","status-publish","hentry"],"_links":{"self":[{"href":"https:\/\/www.jahn-bergturnfest.de\/index.php?rest_route=\/wp\/v2\/pages\/1538","targetHints":{"allow":["GET"]}}],"collection":[{"href":"https:\/\/www.jahn-bergturnfest.de\/index.php?rest_route=\/wp\/v2\/pages"}],"about":[{"href":"https:\/\/www.jahn-bergturnfest.de\/index.php?rest_route=\/wp\/v2\/types\/page"}],"author":[{"embeddable":true,"href":"https:\/\/www.jahn-bergturnfest.de\/index.php?rest_route=\/wp\/v2\/users\/1"}],"replies":[{"embeddable":true,"href":"https:\/\/www.jahn-bergturnfest.de\/index.php?rest_route=%2Fwp%2Fv2%2Fcomments&post=1538"}],"version-history":[{"count":1,"href":"https:\/\/www.jahn-bergturnfest.de\/index.php?rest_route=\/wp\/v2\/pages\/1538\/revisions"}],"predecessor-version":[{"id":1539,"href":"https:\/\/www.jahn-bergturnfest.de\/index.php?rest_route=\/wp\/v2\/pages\/1538\/revisions\/1539"}],"wp:attachment":[{"href":"https:\/\/www.jahn-bergturnfest.de\/index.php?rest_route=%2Fwp%2Fv2%2Fmedia&parent=1538"}],"curies":[{"name":"wp","href":"https:\/\/api.w.org\/{rel}","templated":true}]}}