{"id":20,"date":"2008-07-22T14:10:38","date_gmt":"2008-07-22T12:10:38","guid":{"rendered":"http:\/\/www.jahn-bergturnfest.de\/?page_id=20"},"modified":"2008-07-22T14:23:48","modified_gmt":"2008-07-22T12:23:48","slug":"ergebnisse-2008-turnen-mannlich","status":"publish","type":"page","link":"https:\/\/www.jahn-bergturnfest.de\/?page_id=20","title":{"rendered":"Ergebnisse 2008 Turnen m\u00e4nnlich"},"content":{"rendered":"<table style=\"border-collapse: collapse; width: 328pt;\" border=\"0\" cellspacing=\"0\" cellpadding=\"0\" width=\"437\">\n<col style=\"width: 33pt;\" width=\"44\"><\/col>\n<col style=\"width: 78pt;\" span=\"2\" width=\"104\"><\/col>\n<col style=\"display: none;\" width=\"0\"><\/col>\n<col style=\"width: 45pt;\" width=\"60\"><\/col>\n<tbody>\n<tr style=\"height: 18pt;\" height=\"24\">\n<td class=\"xl75\" style=\"height: 18pt; width: 33pt;\" width=\"44\" height=\"24\"><strong>1,01<\/strong><\/td>\n<td class=\"xl74\" style=\"width: 156pt;\" colspan=\"2\" width=\"208\"><strong>Jugendturner<\/strong><\/td>\n<td class=\"xl65\" style=\"width: 94pt;\" width=\"125\"><\/td>\n<td class=\"xl83\" style=\"border-left: medium none; width: 45pt;\" width=\"60\">Punkte :<\/td>\n<\/tr>\n<tr style=\"height: 18pt;\" height=\"24\">\n<td class=\"xl73\" style=\"height: 18pt;\" height=\"24\">Platz<\/td>\n<td class=\"xl66\">Name<\/td>\n<td class=\"xl72\">Vorname<\/td>\n<td class=\"xl66\">Verein<\/td>\n<td class=\"xl69\">gesamt<\/td>\n<\/tr>\n<tr style=\"height: 18pt;\" height=\"24\">\n<td class=\"xl76\" style=\"border-top: medium none; height: 18pt;\" height=\"24\">1<\/td>\n<td class=\"xl77\">Grehl<\/td>\n<td class=\"xl77\" style=\"border-left: medium none;\">Justen<\/td>\n<td class=\"xl78\" style=\"border-left: medium none;\">VfL B\u00fcckeburg<\/td>\n<td class=\"xl82\" style=\"border-left: medium none;\" align=\"right\">34,25<\/td>\n<\/tr>\n<\/tbody>\n<\/table>\n<hr \/>\n<table style=\"border-collapse: collapse; width: 328pt;\" border=\"0\" cellspacing=\"0\" cellpadding=\"0\" width=\"437\">\n<col style=\"width: 33pt;\" width=\"44\"><\/col>\n<col style=\"width: 78pt;\" span=\"2\" width=\"104\"><\/col>\n<col style=\"display: none;\" width=\"0\"><\/col>\n<col style=\"width: 45pt;\" width=\"60\"><\/col>\n<tbody>\n<tr style=\"height: 18pt;\" height=\"24\">\n<td class=\"xl77\" style=\"height: 18pt; width: 33pt;\" width=\"44\" height=\"24\"><strong>1,02<\/strong><\/td>\n<td class=\"xl76\" style=\"width: 156pt;\" colspan=\"2\" width=\"208\"><strong>Jugendturner<\/strong><\/td>\n<td class=\"xl80\" style=\"width: 94pt;\" width=\"125\"><\/td>\n<td class=\"xl75\" style=\"width: 45pt;\" width=\"60\">Punkte:<\/td>\n<\/tr>\n<tr style=\"height: 18pt;\" height=\"24\">\n<td class=\"xl72\" style=\"height: 18pt;\" height=\"24\">Platz<\/td>\n<td class=\"xl65\">Name<\/td>\n<td class=\"xl71\">Vorname<\/td>\n<td class=\"xl65\">Verein<\/td>\n<td class=\"xl68\">gesamt<\/td>\n<\/tr>\n<tr style=\"height: 18pt;\" height=\"24\">\n<td class=\"xl78\" style=\"border-top: medium none; height: 18pt;\" height=\"24\">1<\/td>\n<td class=\"xl81\">Hackert<\/td>\n<td class=\"xl81\" style=\"border-left: medium none;\">Tim<\/td>\n<td class=\"xl82\" style=\"border-left: medium none;\">SV W\u00f6lpinghausen<\/td>\n<td class=\"xl86\" style=\"border-top: medium none; border-left: medium none;\">35,90<\/td>\n<\/tr>\n<tr style=\"height: 18pt;\" height=\"24\">\n<td class=\"xl79\" style=\"border-top: medium none; height: 18pt;\" height=\"24\">2<\/td>\n<td class=\"xl81\" style=\"border-top: medium none;\">Adelt<\/td>\n<td class=\"xl81\" style=\"border-top: medium none; border-left: medium none;\">Peter<\/td>\n<td class=\"xl82\" style=\"border-top: medium none; border-left: medium none;\">VfL Stadthagen<\/td>\n<td class=\"xl89\" style=\"border-top: medium none; border-left: medium none;\">34,40<\/td>\n<\/tr>\n<tr style=\"height: 18pt;\" height=\"24\">\n<td class=\"xl79\" style=\"border-top: medium none; height: 18pt;\" height=\"24\">3<\/td>\n<td class=\"xl81\" style=\"border-top: medium none;\">Gro\u00dfkelwing<\/td>\n<td class=\"xl81\" style=\"border-top: medium none; border-left: medium none;\">Joshua<\/td>\n<td class=\"xl82\" style=\"border-top: medium none; border-left: medium none;\">VfL B\u00fcckeburg<\/td>\n<td class=\"xl89\" style=\"border-top: medium none; border-left: medium none;\">34,35<\/td>\n<\/tr>\n<\/tbody>\n<\/table>\n<hr \/>\n<table style=\"border-collapse: collapse; width: 328pt;\" border=\"0\" cellspacing=\"0\" cellpadding=\"0\" width=\"437\">\n<col style=\"width: 33pt;\" width=\"44\"><\/col>\n<col style=\"width: 78pt;\" span=\"2\" width=\"104\"><\/col>\n<col style=\"display: none;\" width=\"0\"><\/col>\n<col style=\"width: 45pt;\" width=\"60\"><\/col>\n<tbody>\n<tr style=\"height: 18pt;\" height=\"24\">\n<td class=\"xl74\" style=\"height: 18pt; width: 33pt;\" width=\"44\" height=\"24\"><strong>1,03<\/strong><\/td>\n<td class=\"xl73\" style=\"width: 156pt;\" colspan=\"2\" width=\"208\"><strong>Jugendturner<\/strong><\/td>\n<td class=\"xl77\" style=\"width: 94pt;\" width=\"125\"><\/td>\n<td class=\"xl84\" style=\"border-left: medium none; width: 45pt;\" width=\"60\">Punkte :<\/td>\n<\/tr>\n<tr style=\"height: 18pt;\" height=\"24\">\n<td class=\"xl72\" style=\"height: 18pt;\" height=\"24\">Platz<\/td>\n<td class=\"xl65\">Name<\/td>\n<td class=\"xl71\">Vorname<\/td>\n<td class=\"xl65\">Verein<\/td>\n<td class=\"xl68\">gesamt<\/td>\n<\/tr>\n<tr style=\"height: 18pt;\" height=\"24\">\n<td class=\"xl75\" style=\"border-top: medium none; height: 18pt;\" height=\"24\">1<\/td>\n<td class=\"xl78\">Ritter<\/td>\n<td class=\"xl78\" style=\"border-left: medium none;\">Leon<\/td>\n<td class=\"xl79\" style=\"border-left: medium none;\">VT Rinteln<\/td>\n<td class=\"xl82\" style=\"border-top: medium none; border-left: medium none;\">38,50<\/td>\n<\/tr>\n<tr style=\"height: 18pt;\" height=\"24\">\n<td class=\"xl76\" style=\"border-top: medium none; height: 18pt;\" height=\"24\">2<\/td>\n<td class=\"xl78\" style=\"border-top: medium none;\">Becker<\/td>\n<td class=\"xl78\" style=\"border-top: medium none; border-left: medium none;\">Jakob<\/td>\n<td class=\"xl79\" style=\"border-top: medium none; border-left: medium none;\">VT Rinteln<\/td>\n<td class=\"xl83\" style=\"border-top: medium none; border-left: medium none;\">37,40<\/td>\n<\/tr>\n<tr style=\"height: 18pt;\" height=\"24\">\n<td class=\"xl76\" style=\"border-top: medium none; height: 18pt;\" height=\"24\">2<\/td>\n<td class=\"xl78\" style=\"border-top: medium none;\">Biastoch<\/td>\n<td class=\"xl78\" style=\"border-top: medium none; border-left: medium none;\">Marcel<\/td>\n<td class=\"xl79\" style=\"border-top: medium none; border-left: medium none;\">MTV Obernkirchen<\/td>\n<td class=\"xl83\" style=\"border-top: medium none; border-left: medium none;\">37,40<\/td>\n<\/tr>\n<\/tbody>\n<\/table>\n<hr \/>\n<table style=\"border-collapse: collapse; width: 328pt;\" border=\"0\" cellspacing=\"0\" cellpadding=\"0\" width=\"437\">\n<col style=\"width: 33pt;\" width=\"44\"><\/col>\n<col style=\"width: 78pt;\" span=\"2\" width=\"104\"><\/col>\n<col style=\"display: none;\" width=\"0\"><\/col>\n<col style=\"width: 45pt;\" width=\"60\"><\/col>\n<tbody>\n<tr style=\"height: 18pt;\" height=\"24\">\n<td class=\"xl74\" style=\"height: 18pt; width: 33pt;\" width=\"44\" height=\"24\"><strong>1,04<\/strong><\/td>\n<td class=\"xl73\" style=\"width: 156pt;\" colspan=\"2\" width=\"208\"><strong>Jugendturner<\/strong><\/td>\n<td class=\"xl76\" style=\"width: 94pt;\" width=\"125\"><\/td>\n<td class=\"xl86\" style=\"border-left: medium none; width: 45pt;\" width=\"60\">Punkte :<\/td>\n<\/tr>\n<tr style=\"height: 18pt;\" height=\"24\">\n<td class=\"xl72\" style=\"height: 18pt;\" height=\"24\">Platz<\/td>\n<td class=\"xl65\">Name<\/td>\n<td class=\"xl71\">Vorname<\/td>\n<td class=\"xl65\">Verein<\/td>\n<td class=\"xl68\">gesamt<\/td>\n<\/tr>\n<tr style=\"height: 18pt;\" height=\"24\">\n<td class=\"xl75\" style=\"height: 18pt;\" height=\"24\">1<\/td>\n<td class=\"xl77\">Schaak<\/td>\n<td class=\"xl77\" style=\"border-left: medium none;\">Henry<\/td>\n<td class=\"xl78\" style=\"border-left: medium none;\">VfL B\u00fcckeburg<\/td>\n<td class=\"xl81\" style=\"border-left: medium none;\">39,85<\/td>\n<\/tr>\n<tr style=\"height: 18pt;\" height=\"24\">\n<td class=\"xl75\" style=\"border-top: medium none; height: 18pt;\" height=\"24\">2<\/td>\n<td class=\"xl83\" style=\"border-top: medium none;\">Hillmann<\/td>\n<td class=\"xl83\" style=\"border-top: medium none; border-left: medium none;\">Dennis<\/td>\n<td class=\"xl84\" style=\"border-top: medium none; border-left: medium none;\">VT Rinteln<\/td>\n<td class=\"xl82\" style=\"border-top: medium none; border-left: medium none;\" align=\"right\">37,30<\/td>\n<\/tr>\n<tr style=\"height: 18pt;\" height=\"24\">\n<td class=\"xl75\" style=\"border-top: medium none; height: 18pt;\" height=\"24\">3<\/td>\n<td class=\"xl77\" style=\"border-top: medium none;\">Biesemeier<\/td>\n<td class=\"xl77\" style=\"border-top: medium none; border-left: medium none;\">Jonathan<\/td>\n<td class=\"xl78\" style=\"border-top: medium none; border-left: medium none;\">VfL Stadthagen<\/td>\n<td class=\"xl81\" style=\"border-top: medium none; border-left: medium none;\">35,90<\/td>\n<\/tr>\n<\/tbody>\n<\/table>\n<hr \/>\n<table style=\"border-collapse: collapse; width: 328pt;\" border=\"0\" cellspacing=\"0\" cellpadding=\"0\" width=\"437\">\n<col style=\"width: 33pt;\" width=\"44\"><\/col>\n<col style=\"width: 78pt;\" span=\"2\" width=\"104\"><\/col>\n<col style=\"display: none;\" width=\"0\"><\/col>\n<col style=\"width: 45pt;\" width=\"60\"><\/col>\n<tbody>\n<tr style=\"height: 18pt;\" height=\"24\">\n<td class=\"xl74\" style=\"height: 18pt; width: 33pt;\" width=\"44\" height=\"24\"><strong>1,05<\/strong><\/td>\n<td class=\"xl73\" style=\"width: 156pt;\" colspan=\"2\" width=\"208\"><strong>Jugendturner<\/strong><\/td>\n<td class=\"xl75\" style=\"width: 94pt;\" width=\"125\"><\/td>\n<td class=\"xl91\" style=\"border-left: medium none; width: 45pt;\" width=\"60\">Punkte :<\/td>\n<\/tr>\n<tr style=\"height: 18pt;\" height=\"24\">\n<td class=\"xl72\" style=\"height: 18pt;\" height=\"24\">Platz<\/td>\n<td class=\"xl65\">Name<\/td>\n<td class=\"xl71\">Vorname<\/td>\n<td class=\"xl65\">Verein<\/td>\n<td class=\"xl68\">gesamt<\/td>\n<\/tr>\n<tr style=\"height: 18pt;\" height=\"24\">\n<td class=\"xl82\" style=\"border-top: medium none; height: 18pt;\" height=\"24\">1<\/td>\n<td class=\"xl83\" style=\"border-top: medium none;\">Ernst<\/td>\n<td class=\"xl84\" style=\"border-top: medium none; border-left: medium none;\">Sebastian<\/td>\n<td class=\"xl85\" style=\"border-top: medium none; border-left: medium none;\">VfL Stadthagen<\/td>\n<td class=\"xl78\" style=\"border-top: medium none; border-left: medium none;\">39,80<\/td>\n<\/tr>\n<tr style=\"height: 18pt;\" height=\"24\">\n<td class=\"xl87\" style=\"border-top: medium none; height: 18pt;\" height=\"24\">2<\/td>\n<td class=\"xl88\" style=\"border-top: medium none;\">Schaak<\/td>\n<td class=\"xl76\" style=\"border-top: medium none; border-left: medium none;\">Lennart<\/td>\n<td class=\"xl80\" style=\"border-top: medium none; border-left: medium none;\">VfL B\u00fcckeburg<\/td>\n<td class=\"xl81\" style=\"border-top: medium none; border-left: medium none;\" align=\"right\">39,60<\/td>\n<\/tr>\n<\/tbody>\n<\/table>\n","protected":false},"excerpt":{"rendered":"<p>1,01 Jugendturner Punkte : Platz Name Vorname Verein gesamt 1 Grehl Justen VfL B\u00fcckeburg 34,25 1,02 Jugendturner Punkte: Platz Name Vorname Verein gesamt 1 Hackert Tim SV W\u00f6lpinghausen 35,90 2 Adelt Peter VfL Stadthagen 34,40 3 Gro\u00dfkelwing Joshua VfL B\u00fcckeburg 34,35 1,03 Jugendturner Punkte : Platz Name Vorname Verein gesamt 1 Ritter Leon VT Rinteln [&hellip;]<\/p>\n","protected":false},"author":1,"featured_media":0,"parent":7,"menu_order":0,"comment_status":"closed","ping_status":"open","template":"","meta":{"ngg_post_thumbnail":0,"footnotes":""},"class_list":["post-20","page","type-page","status-publish","hentry"],"_links":{"self":[{"href":"https:\/\/www.jahn-bergturnfest.de\/index.php?rest_route=\/wp\/v2\/pages\/20","targetHints":{"allow":["GET"]}}],"collection":[{"href":"https:\/\/www.jahn-bergturnfest.de\/index.php?rest_route=\/wp\/v2\/pages"}],"about":[{"href":"https:\/\/www.jahn-bergturnfest.de\/index.php?rest_route=\/wp\/v2\/types\/page"}],"author":[{"embeddable":true,"href":"https:\/\/www.jahn-bergturnfest.de\/index.php?rest_route=\/wp\/v2\/users\/1"}],"replies":[{"embeddable":true,"href":"https:\/\/www.jahn-bergturnfest.de\/index.php?rest_route=%2Fwp%2Fv2%2Fcomments&post=20"}],"version-history":[{"count":0,"href":"https:\/\/www.jahn-bergturnfest.de\/index.php?rest_route=\/wp\/v2\/pages\/20\/revisions"}],"up":[{"embeddable":true,"href":"https:\/\/www.jahn-bergturnfest.de\/index.php?rest_route=\/wp\/v2\/pages\/7"}],"wp:attachment":[{"href":"https:\/\/www.jahn-bergturnfest.de\/index.php?rest_route=%2Fwp%2Fv2%2Fmedia&parent=20"}],"curies":[{"name":"wp","href":"https:\/\/api.w.org\/{rel}","templated":true}]}}