{"id":23,"date":"2008-07-26T12:36:53","date_gmt":"2008-07-26T10:36:53","guid":{"rendered":"http:\/\/www.jahn-bergturnfest.de\/?page_id=23"},"modified":"2023-04-16T15:50:07","modified_gmt":"2023-04-16T14:50:07","slug":"links","status":"publish","type":"page","link":"https:\/\/www.jahn-bergturnfest.de\/?page_id=23","title":{"rendered":"Links"},"content":{"rendered":"<table>\n<tbody>\n<tr>\n<td width=\"250\"><a href=\"http:\/\/www.obernkirchen-info.de\/bueckeberg.htm\" target=\"_blank\" rel=\"noopener\">obernkirchen-info.de<\/a><\/td>\n<td>B\u00fcckeberg<\/td>\n<\/tr>\n<tr>\n<td><a href=\"http:\/\/www.obernkirchen-info.de\/bergstadt\/unterkunftsverzeichnis.htm\" target=\"_blank\" rel=\"noopener\">unterkunftsverzeichnis.htm<\/a><\/td>\n<td>Unterk\u00fcnfte in der N\u00e4he<\/td>\n<\/tr>\n<tr>\n<td width=\"250\"><a href=\"http:\/\/www.ksb-schaumburg.de\" target=\"_blank\" rel=\"noopener\">ksb-schaumburg.de<\/a><\/td>\n<td>KreisSportBund Schaumburg<\/td>\n<\/tr>\n<tr>\n<td><a href=\"http:\/\/www.klv-schaumburg.de\/\" target=\"_blank\" rel=\"noopener\">www.klv-schaumburg.de<\/a><\/td>\n<td>Kreisleichtathletikverband Schaumburg<\/td>\n<\/tr>\n<tr>\n<td><a href=\"https:\/\/www.ntbwelt.de\/\" target=\"_blank\" rel=\"noopener\">www.ntbwelt.de<\/a><\/td>\n<td>Nieders\u00e4chsischer Turner-Bund<\/td>\n<\/tr>\n<tr>\n<td><a href=\"http:\/\/www.ksvsw.de\/\" target=\"_blank\" rel=\"noopener\">www.ksvsw.de<\/a><\/td>\n<td>Kreisschwimmverband Schaumburg-Weserbergland e.V.<\/td>\n<\/tr>\n<tr>\n<td><a href=\"http:\/\/www.jahn-museum.de\/\" target=\"_blank\" rel=\"noopener\">jahn-museum.de<\/a><\/td>\n<td>Jahnmuseum<\/td>\n<\/tr>\n<tr>\n<td><a href=\"http:\/\/www.dtb-online.de\/\" target=\"_blank\" rel=\"noopener\">dtb-online.de<\/a><\/td>\n<td>Deutscher TurnerBund<\/td>\n<\/tr>\n<tr>\n<td width=\"250\"><a href=\"https:\/\/www.dosb.de\/\" target=\"_blank\" rel=\"noopener\">dosb.de<\/a><\/td>\n<td>DOSB<\/td>\n<\/tr>\n<tr>\n<td><a href=\"http:\/\/www.oetb.at\/\" target=\"_blank\" rel=\"noopener\">oetb.at<\/a><\/td>\n<td>\u00d6sterreichischer Turnerbund<\/td>\n<\/tr>\n<tr>\n<td><a href=\"https:\/\/www.landesturnverband-sachsen-anhalt.de\/jahnturnfest\" target=\"_blank\" rel=\"noopener\">landesturnverband-sachsen-anhalt.de<\/a><\/td>\n<td>Jahnturnfest | Landesturnverband Sachsen-Anhalt<\/td>\n<\/tr>\n<tr>\n<td><a href=\"http:\/\/www.scdhfk.de\" target=\"_blank\" rel=\"noopener\">SC DHfK<\/a><\/td>\n<td>Sportclub DHfK Leipzig<\/td>\n<\/tr>\n<tr>\n<td><a href=\"http:\/\/www.iat.uni-leipzig.de\" target=\"_blank\" rel=\"noopener\">IAT<\/a><\/td>\n<td>Institut f\u00fcr Angewandte Trainingswissenschaft Leipzig<\/td>\n<\/tr>\n<tr>\n<td><a href=\"https:\/\/www.waltershausen.de\/tourismuskulturfreizeit\/gutsmuths-gedaechtnishalle-schnepfenthal\/anfahrt-kontakt\/\" target=\"_blank\" rel=\"noopener\">GutsMuths<\/a><\/td>\n<td>Stadt Waltershausen :: Tourismus\/Kultur\/Freizeit :: GutsMuths-Ged\u00e4chtnishalle Schnepfenthal :: Anfahrt &amp; Kontakt<\/td>\n<\/tr>\n<tr>\n<td><a href=\"http:\/\/www.stv-fsg.ch\/\" target=\"_blank\" rel=\"noopener\">stv-fsg.ch<\/a><\/td>\n<td>Schweizerischer Turnverband<\/td>\n<\/tr>\n<tr>\n<td><a href=\"http:\/\/www.americanturners.org\/\" target=\"_blank\" rel=\"noopener\">americanturners.org<\/a><\/td>\n<td>American Turners<\/td>\n<\/tr>\n<tr>\n<td width=\"250\"><a href=\"http:\/\/www.wenlock-olympian-society.org.uk\/games\/\" target=\"_blank\" rel=\"noopener\">wenlock-olympian-society.org.uk<\/a><\/td>\n<td>Wenlock Olympian Society<\/td>\n<\/tr>\n<\/tbody>\n<\/table>\n","protected":false},"excerpt":{"rendered":"<p>obernkirchen-info.de B\u00fcckeberg unterkunftsverzeichnis.htm Unterk\u00fcnfte in der N\u00e4he ksb-schaumburg.de KreisSportBund Schaumburg www.klv-schaumburg.de Kreisleichtathletikverband Schaumburg www.ntbwelt.de Nieders\u00e4chsischer Turner-Bund www.ksvsw.de Kreisschwimmverband Schaumburg-Weserbergland e.V. jahn-museum.de Jahnmuseum dtb-online.de Deutscher TurnerBund dosb.de DOSB oetb.at \u00d6sterreichischer Turnerbund landesturnverband-sachsen-anhalt.de Jahnturnfest | Landesturnverband Sachsen-Anhalt SC DHfK Sportclub DHfK Leipzig IAT Institut f\u00fcr Angewandte Trainingswissenschaft Leipzig GutsMuths Stadt Waltershausen :: Tourismus\/Kultur\/Freizeit :: GutsMuths-Ged\u00e4chtnishalle Schnepfenthal :: [&hellip;]<\/p>\n","protected":false},"author":1,"featured_media":0,"parent":0,"menu_order":22,"comment_status":"closed","ping_status":"open","template":"","meta":{"ngg_post_thumbnail":0,"footnotes":""},"class_list":["post-23","page","type-page","status-publish","hentry"],"_links":{"self":[{"href":"https:\/\/www.jahn-bergturnfest.de\/index.php?rest_route=\/wp\/v2\/pages\/23","targetHints":{"allow":["GET"]}}],"collection":[{"href":"https:\/\/www.jahn-bergturnfest.de\/index.php?rest_route=\/wp\/v2\/pages"}],"about":[{"href":"https:\/\/www.jahn-bergturnfest.de\/index.php?rest_route=\/wp\/v2\/types\/page"}],"author":[{"embeddable":true,"href":"https:\/\/www.jahn-bergturnfest.de\/index.php?rest_route=\/wp\/v2\/users\/1"}],"replies":[{"embeddable":true,"href":"https:\/\/www.jahn-bergturnfest.de\/index.php?rest_route=%2Fwp%2Fv2%2Fcomments&post=23"}],"version-history":[{"count":22,"href":"https:\/\/www.jahn-bergturnfest.de\/index.php?rest_route=\/wp\/v2\/pages\/23\/revisions"}],"predecessor-version":[{"id":2104,"href":"https:\/\/www.jahn-bergturnfest.de\/index.php?rest_route=\/wp\/v2\/pages\/23\/revisions\/2104"}],"wp:attachment":[{"href":"https:\/\/www.jahn-bergturnfest.de\/index.php?rest_route=%2Fwp%2Fv2%2Fmedia&parent=23"}],"curies":[{"name":"wp","href":"https:\/\/api.w.org\/{rel}","templated":true}]}}