{"id":7,"date":"2008-07-22T13:49:59","date_gmt":"2008-07-22T11:49:59","guid":{"rendered":"http:\/\/www.jahn-bergturnfest.de\/?page_id=7"},"modified":"2025-09-26T14:07:18","modified_gmt":"2025-09-26T13:07:18","slug":"wettkampfergebnisse","status":"publish","type":"page","link":"https:\/\/www.jahn-bergturnfest.de\/?page_id=7","title":{"rendered":"Ergebnisse"},"content":{"rendered":"\n<p><strong>Die Ergebnisse vom erfolgreichen 88. Jahn-Bergturnfest (2025) sind zum Teil verf\u00fcgbar.<\/strong><\/p>\n\n\n\n<ul class=\"wp-block-list\">\n<li><a href=\"https:\/\/www.jahn-bergturnfest.de\/wp-content\/uploads\/2025\/09\/Ergebnisse-Vierkampf-AK-06-19-Jahre-2025.pdf\" target=\"_blank\" rel=\"noreferrer noopener\">Ergebnisse Vierkampf AK 06 &#8211; 19 Jahre<\/a><\/li>\n\n\n\n<li><a href=\"https:\/\/www.jahn-bergturnfest.de\/wp-content\/uploads\/2025\/09\/Ergebnisse-kompakt-1.-Renaissance-Cup.pdf\" target=\"_blank\" rel=\"noreferrer noopener\">Ergebnisse kompakt 1. Renaissance Cup<\/a><\/li>\n\n\n\n<li><a href=\"https:\/\/www.jahn-bergturnfest.de\/wp-content\/uploads\/2025\/09\/Ergebnisse-1.-Renaissance-Cup.pdf\" target=\"_blank\" rel=\"noreferrer noopener\">Ergebnisse 1. Renaissance Cup<\/a><\/li>\n<\/ul>\n\n\n\n<h4 class=\"wp-block-heading\">Die Ergebnisse vom erfolgreichen 87. Jahn-Bergturnfest (2024) sind verf\u00fcgbar.<\/h4>\n\n\n\n<ul class=\"wp-block-list\">\n<li><a href=\"http:\/\/www.jahn-bergturnfest.de\/wp-content\/uploads\/2024\/09\/Ergebnisse-87.-Bergturnfest.pdf\" target=\"_blank\" rel=\"noopener\">Ergebnisse 87. Bergturnfest<\/a><\/li>\n\n\n\n<li><a href=\"http:\/\/www.jahn-bergturnfest.de\/wp-content\/uploads\/2024\/09\/Ergebnisliste-BezEizMS-31.08.2024.pdf\" target=\"_blank\" rel=\"noopener\">Ergebnisse der Trampolinwettk\u00e4mpfe<\/a><\/li>\n<\/ul>\n\n\n\n<h4 class=\"wp-block-heading\">Die Ergebnisse vom erfolgreichen 86. Jahn-Bergturnfest (2023) sind verf\u00fcgbar.<\/h4>\n\n\n\n<ul class=\"wp-block-list\">\n<li><a href=\"http:\/\/www.jahn-bergturnfest.de\/wp-content\/uploads\/2023\/06\/1-F\u00fcnfkampf-AK-07-19-Jahre.pdf\" target=\"_blank\" rel=\"noopener\">1 F\u00fcnfkampf AK 07 &#8211; 19 Jahre<\/a><\/li>\n\n\n\n<li><a href=\"http:\/\/www.jahn-bergturnfest.de\/wp-content\/uploads\/2023\/06\/2-Vierkampf-AK-20-59-Jahre.pdf\" target=\"_blank\" rel=\"noopener\">2 Vierkampf AK 20 &#8211; 59 Jahre<\/a><\/li>\n<\/ul>\n\n\n\n<h4 class=\"wp-block-heading\">Die Ergebnisse vom erfolgreichen 85. Jahn-Bergturnfest (2022) sind verf\u00fcgbar.<\/h4>\n\n\n\n<ul class=\"wp-block-list\">\n<li><a href=\"http:\/\/www.jahn-bergturnfest.de\/wp-content\/uploads\/2022\/07\/1-Turnwettkampf-AK-6-19-Jahre-weiblich-neu.pdf\">1 Turnwettkampf AK 6 &#8211; 19 Jahre weiblich<\/a><\/li>\n\n\n\n<li><a href=\"http:\/\/www.jahn-bergturnfest.de\/wp-content\/uploads\/2022\/06\/1-Turnwettkampf-AK-6-19-Jahre-m\u00e4nnlich.pdf\" target=\"_blank\" rel=\"noopener\">1 Turnwettkampf AK 6 &#8211; 19 Jahre m\u00e4nnlich<\/a><\/li>\n\n\n\n<li><a href=\"http:\/\/www.jahn-bergturnfest.de\/wp-content\/uploads\/2022\/06\/2-Turnwettkampf-AK-20-\u00fc80-Jahre.pdf\" target=\"_blank\" rel=\"noopener\">2 Turnwettkampf AK 20 &#8211; \u00fc80 Jahre<\/a><\/li>\n<\/ul>\n\n\n\n<h4 class=\"wp-block-heading\">Die Ergebnisse vom erfolgreichen 84. Jahn-Bergturnfest (2019) sind verf\u00fcgbar. Sie sind nach Geschlecht und Platzierungen sortiert.<\/h4>\n\n\n\n<ul class=\"wp-block-list\">\n<li><a href=\"http:\/\/www.jahn-bergturnfest.de\/wp-content\/uploads\/2019\/08\/Ergebnisliste_WK1.pdf\" target=\"_blank\" rel=\"noopener\">Ergebnisliste Trampolin 2011 und j\u00fcnger<\/a><\/li>\n\n\n\n<li><a href=\"http:\/\/www.jahn-bergturnfest.de\/wp-content\/uploads\/2019\/08\/Wertungen_WK1.pdf\" target=\"_blank\" rel=\"noopener\">Wertungen Trampolin 2011 und j\u00fcnger<\/a><\/li>\n\n\n\n<li><a href=\"http:\/\/www.jahn-bergturnfest.de\/wp-content\/uploads\/2019\/08\/Ergebnisliste_WK2.pdf\" target=\"_blank\" rel=\"noopener\">Ergebnisliste Trampolin 2008 bis 2010<\/a><\/li>\n\n\n\n<li><a href=\"http:\/\/www.jahn-bergturnfest.de\/wp-content\/uploads\/2019\/08\/Wertungen_WK2.pdf\" target=\"_blank\" rel=\"noopener\">Wertungen Trampolin 2008 bis 2010<\/a><\/li>\n\n\n\n<li><a href=\"http:\/\/www.jahn-bergturnfest.de\/wp-content\/uploads\/2019\/07\/Ger\u00e4teturnen-Dreikampf-2019b.pdf\">Ergebnisliste Ger\u00e4teturnen-Dreikampf<\/a><\/li>\n\n\n\n<li><a href=\"http:\/\/www.jahn-bergturnfest.de\/wp-content\/uploads\/2019\/07\/Werfervierkampf20190709.pdf\" target=\"_blank\" rel=\"noopener\">Ergebnisliste Werfervierkampf<\/a><\/li>\n<\/ul>\n\n\n\n<h4 class=\"wp-block-heading\">Die Ergebnisse vom erfolgreichen 83. Jahn-Bergturnfest (2018) sind verf\u00fcgbar. Sie sind nach Geschlecht und Platzierungen sortiert.<\/h4>\n\n\n\n<ul class=\"wp-block-list\">\n<li><a href=\"http:\/\/www.jahn-bergturnfest.de\/wp-content\/uploads\/2018\/08\/JBTF-2018-Ergebnisliste-Wettkampf-1.pdf\" target=\"_blank\" rel=\"noopener\">Ergebnisliste Trampolin 1<\/a><\/li>\n\n\n\n<li><a href=\"http:\/\/www.jahn-bergturnfest.de\/wp-content\/uploads\/2018\/08\/JBTF-2018-Ergebnisliste-Wettkampf-2.pdf\" target=\"_blank\" rel=\"noopener\">Ergebnisliste Trampolin 2<\/a><\/li>\n\n\n\n<li><a href=\"http:\/\/www.jahn-bergturnfest.de\/wp-content\/uploads\/2018\/08\/2-Ergebnisse-Werfervierkampf.pdf\" target=\"_blank\" rel=\"noopener\">Ergebnisliste Werfervierkampf<\/a><\/li>\n\n\n\n<li><a href=\"http:\/\/www.jahn-bergturnfest.de\/wp-content\/uploads\/2018\/08\/4-Ergebnisse-Ger\u00e4teturnen-Dreikampf.pdf\" target=\"_blank\" rel=\"noopener\">Ergebnisliste Ger\u00e4teturnen-Dreikampf<\/a><\/li>\n\n\n\n<li><a href=\"http:\/\/www.jahn-bergturnfest.de\/wp-content\/uploads\/2018\/08\/3-Ergebnisse-Leichtathletik-M\u00e4nnlich.pdf\" target=\"_blank\" rel=\"noopener\">Ergebnisliste Leichtathletik-M\u00e4nnlich<\/a><\/li>\n\n\n\n<li><a href=\"http:\/\/www.jahn-bergturnfest.de\/wp-content\/uploads\/2018\/08\/3-Ergebnisse-Leichtathletik-Weiblich.pdf\" target=\"_blank\" rel=\"noopener\">Ergebnisliste Leichtathletik-Weiblich<\/a><\/li>\n<\/ul>\n\n\n\n<h4 class=\"wp-block-heading\">Die Ergebnisse vom erfolgreichen 82. Jahn-Bergturnfest (2017) sind verf\u00fcgbar. Sie sind nach Geschlecht und Platzierungen sortiert.<\/h4>\n\n\n\n<ul class=\"wp-block-list\">\n<li><a href=\"http:\/\/www.jahn-bergturnfest.de\/wp-content\/uploads\/2008\/07\/Trampolin_JBTF-2017-Ergebnislisten.pdf\" target=\"_blank\" rel=\"noopener\">Ergebnisliste Trampolin<\/a><\/li>\n\n\n\n<li><a href=\"http:\/\/www.jahn-bergturnfest.de\/wp-content\/uploads\/2008\/07\/4-Ger\u00e4teturnen-Dreikampf.pdf\" target=\"_blank\" rel=\"noopener\">Ergebnisliste Ger\u00e4teturnen-Dreikampf<\/a><\/li>\n\n\n\n<li><a href=\"http:\/\/www.jahn-bergturnfest.de\/wp-content\/uploads\/2008\/07\/3-Leichtathletik-M1.pdf\" target=\"_blank\" rel=\"noopener\">Ergebnisliste Leichtathletik m\u00e4nnlich<\/a><\/li>\n\n\n\n<li><a href=\"http:\/\/www.jahn-bergturnfest.de\/wp-content\/uploads\/2008\/07\/3-Leichtathletik-W.pdf\" target=\"_blank\" rel=\"noopener\">Ergebnisliste Leichtathletik weiblich<\/a><\/li>\n\n\n\n<li><a href=\"http:\/\/www.jahn-bergturnfest.de\/wp-content\/uploads\/2008\/07\/2-Werfervierkampf.pdf\" target=\"_blank\" rel=\"noopener\">Erbebnisliste Werfervierkampf<\/a><\/li>\n<\/ul>\n\n\n\n<h4 class=\"wp-block-heading\">Die Ergebnisse vom erfolgreichen 81. Jahn-Bergturnfest (2016) sind verf\u00fcgbar. Sie sind nach Geschlecht und Platzierungen sortiert.<\/h4>\n\n\n\n<ul class=\"wp-block-list\">\n<li><a href=\"http:\/\/www.jahn-bergturnfest.de\/wp-content\/uploads\/2008\/07\/JBTF-2016-Ergebnislisten.pdf\">Ergebnisliste Trampolin<\/a><\/li>\n\n\n\n<li><a href=\"http:\/\/www.jahn-bergturnfest.de\/wp-content\/uploads\/2008\/07\/Ergebnisse-Ger\u00e4teturnen-Dreikampf.pdf\">Ergebnisliste Ger\u00e4teturnen-Dreikampf<\/a><\/li>\n\n\n\n<li><a href=\"http:\/\/www.jahn-bergturnfest.de\/wp-content\/uploads\/2008\/07\/Ergebnisse-Leichtathletik-M.pdf\">Ergebnisliste Leichtathletik m\u00e4nnlich<\/a><\/li>\n\n\n\n<li><a href=\"http:\/\/www.jahn-bergturnfest.de\/wp-content\/uploads\/2008\/07\/Ergebnisse-Leichtathletik-W.pdf\">Ergebnisliste Leichtathletik weiblich<\/a><\/li>\n\n\n\n<li><a href=\"http:\/\/www.jahn-bergturnfest.de\/wp-content\/uploads\/2008\/07\/Ergebnisse-Werfervierkampf.pdf\">Ergebnisliste Werfervierkampf<\/a><\/li>\n<\/ul>\n\n\n\n<h4 class=\"wp-block-heading\">Die Ergebnisse vom erfolgreichen 80. Jahn-Bergturnfest (2015) sind verf\u00fcgbar. Sie sind nach Geschlecht und Platzierungen sortiert.<\/h4>\n\n\n\n<ul class=\"wp-block-list\">\n<li><a href=\"http:\/\/www.jahn-bergturnfest.de\/wp-content\/uploads\/2015\/07\/3-Leichtathletik-W.pdf\">Ergebnisliste Leichtathletik weiblich<\/a><\/li>\n\n\n\n<li><a href=\"http:\/\/www.jahn-bergturnfest.de\/wp-content\/uploads\/2015\/07\/3-Leichtathletik-M.pdf\">Ergebnisliste Leichtathletik m\u00e4nnlich<\/a><\/li>\n\n\n\n<li><a href=\"http:\/\/www.jahn-bergturnfest.de\/wp-content\/uploads\/2015\/07\/4-Ger\u00e4teturnen-Dreikampf.pdf\">Ergebnisliste Ger\u00e4tturnen <\/a><\/li>\n\n\n\n<li><a href=\"http:\/\/www.jahn-bergturnfest.de\/wp-content\/uploads\/2015\/07\/2-Werfervierkampf.pdf\">Ergebnisliste vom Werfervierkampf<\/a><\/li>\n\n\n\n<li><a href=\"http:\/\/www.jahn-bergturnfest.de\/wp-content\/uploads\/2015\/07\/Ergebnislisten-JBTF-2015.pdf\">Ergebnisliste vom Trampolinturnen<\/a><\/li>\n<\/ul>\n\n\n\n<h4 class=\"wp-block-heading\">Die Ergebnisse vom erfolgreichen 79. Jahn-Bergturnfest (2014) sind verf\u00fcgbar. Sie sind nach Geschlecht und Platzierungen sortiert.<\/h4>\n\n\n\n<ul class=\"wp-block-list\">\n<li><a title=\"Leichtathletik weiblich 2014\" href=\"http:\/\/www.jahn-bergturnfest.de\/wp-content\/uploads\/2014\/07\/3-Leichtathletik-W.pdf\">Ergebnisliste Leichtathletik weiblich<\/a><\/li>\n\n\n\n<li><a href=\"http:\/\/www.jahn-bergturnfest.de\/wp-content\/uploads\/2014\/07\/3-Leichtathletik-M.pdf\">Ergebnisliste Leichtathletik m\u00e4nnlich<\/a><\/li>\n\n\n\n<li><a title=\"Ger\u00e4tturnen 2014\" href=\"http:\/\/www.jahn-bergturnfest.de\/wp-content\/uploads\/2014\/07\/4-Ger\u00e4teturnen-Dreikampf.pdf\">Ergebnisliste Ger\u00e4tturnen <\/a><\/li>\n\n\n\n<li><a href=\"http:\/\/www.jahn-bergturnfest.de\/wp-content\/uploads\/2014\/07\/2-Werfervierkampf.pdf\">Ergebnisliste vom Werfervierkampf<\/a><\/li>\n\n\n\n<li><a href=\"http:\/\/www.jahn-bergturnfest.de\/wp-content\/uploads\/2014\/07\/Bergturnfest-2014_Trampolinturnen.docx\">Ergebnisliste vom Trampolinturnen<\/a><\/li>\n<\/ul>\n\n\n\n<h4 class=\"wp-block-heading\">Die Ergebnisse vom erfolgreichen 78. Jahn-Bergturnfest (2013) sind verf\u00fcgbar. Sie sind nach Geschlecht und Platzierungen sortiert.<\/h4>\n\n\n\n<ul class=\"wp-block-list\">\n<li><a title=\"Leichtathletik weiblich 2013\" href=\"http:\/\/www.jahn-bergturnfest.de\/datein\/erg13\/Leichtathletik-W.pdf\">Ergebnisliste Leichtathletik weiblich<\/a><\/li>\n\n\n\n<li><a href=\"http:\/\/www.jahn-bergturnfest.de\/datein\/erg13\/Leichtathletik-M.pdf\">Ergebnisliste Leichtathletik m\u00e4nnlich<\/a><\/li>\n\n\n\n<li><a title=\"Ger\u00e4tturnen weiblich 2013\" href=\"http:\/\/www.jahn-bergturnfest.de\/datein\/erg13\/Gerateturnen-Dreikampf-W.pdf\">Ergebnisliste Ger\u00e4tturnen weiblich<\/a><\/li>\n\n\n\n<li><a title=\"Ger\u00e4tturnen m\u00e4nnlich 2013\" href=\"..\/datein\/erg13\/Gerateturnen-Dreikampf-M.pdf\">Ergebnisliste Ger\u00e4tturnen m\u00e4nnlich<\/a><\/li>\n\n\n\n<li><a href=\"..\/datein\/erg13\/Werfervierkampf13.pdf\">Ergebnisliste vom Werfervierkampf<\/a><\/li>\n\n\n\n<li><a href=\"..\/datein\/erg13\/Trampolin.pdf\">Ergebnisliste vom Trampolinturnen<\/a><\/li>\n<\/ul>\n\n\n\n<h4 class=\"wp-block-heading\">Die Ergebnisse vom erfolgreichen 77. Jahn-Bergturnfest (2012) sind verf\u00fcgbar. Sie sind nach Geschlecht und Platzierungen sortiert.<\/h4>\n\n\n\n<ul class=\"wp-block-list\">\n<li><a title=\"Leichtathletik weiblich 2012\" href=\"http:\/\/www.jahn-bergturnfest.de\/datein\/3 Leichtathletik-W2012.pdf\">Ergebnisliste Leichtathletik weiblich<\/a><\/li>\n\n\n\n<li><a href=\"http:\/\/www.jahn-bergturnfest.de\/datein\/3%20Leichtathletik-M2012.pdf\">Ergebnisliste Leichtathletik m\u00e4nnlich<\/a><\/li>\n\n\n\n<li><a title=\"Ger\u00e4tturnen m\u00e4nnlich und weiblich 2012\" href=\"http:\/\/www.jahn-bergturnfest.de\/datein\/Geraeteturnen-Dreikampf2012.pdf\">Ergebnisliste Ger\u00e4tturnen m\u00e4nnlich und weiblich<\/a><\/li>\n\n\n\n<li><a href=\"..\/datein\/2 Werfervierkampf2012.pdf\">Ergebnisliste vom Werfervierkampf<\/a><\/li>\n\n\n\n<li><a href=\"..\/datein\/Trampolinen_Ergebnisse_2012.pdf\">Ergebnisliste vom Trampolinturnen<\/a><\/li>\n\n\n\n<li><a href=\"..\/datein\/Ergebnisse Schwimmen_2012.pdf\">Ergebnisliste vom Schwimmen<\/a><\/li>\n<\/ul>\n\n\n\n<h4 class=\"wp-block-heading\">Die Ergebnisse vom erfolgreichen 76. Jahn-Bergturnfest (2011) sind verf\u00fcgbar. Sie sind nach Geschlecht und Platzierungen sortiert.<\/h4>\n\n\n\n<ul class=\"wp-block-list\">\n<li><a title=\"Leichtathletik weiblich 2011\" href=\"http:\/\/www.jahn-bergturnfest.de\/datein\/3 Leichtathletik-W2011.pdf\">Ergebnisliste Leichtathletik weiblich<\/a><\/li>\n\n\n\n<li><a href=\"http:\/\/www.jahn-bergturnfest.de\/datein\/3%20Leichtathletik-M2011.pdf\">Ergebnisliste Leichtathletik m\u00e4nnlich<\/a><\/li>\n\n\n\n<li><a title=\"Ger\u00e4tturnen m\u00e4nnlich und weiblich 2010\" href=\"http:\/\/www.jahn-bergturnfest.de\/datein\/4 Ger\u00e4teturnen-Dreikampf2011.pdf\">Ergebnisliste Ger\u00e4tturnen m\u00e4nnlich und weiblich<\/a><\/li>\n\n\n\n<li><a href=\"..\/datein\/2 Werfervierkampf2011.pdf\">Ergebnisliste vom Werfervierkampf<\/a><\/li>\n\n\n\n<li><a href=\"..\/datein\/Ergebnisse Trampolinturnen JBTF 2011.pdf\">Ergebnisliste vom Trampolinturnen<\/a><\/li>\n\n\n\n<li><a href=\"..\/datein\/110626_JahnBergturnfest.pdf\">Ergebnisliste vom Schwimmen<\/a><\/li>\n<\/ul>\n\n\n\n<h4 class=\"wp-block-heading\">Die Ergebnisse vom erfolgreichen 75. Jahn-Bergturnfest (2010) sind verf\u00fcgbar. Sie sind nach Geschlecht und Platzierungen sortiert.<\/h4>\n\n\n\n<ul class=\"wp-block-list\">\n<li><a title=\"Leichtathletik weiblich 2010\" href=\"http:\/\/www.jahn-bergturnfest.de\/datein\/Leichtathletik-W2010.pdf\">Ergebnisliste Leichtathletik weiblich<\/a><\/li>\n\n\n\n<li><a title=\"Leichtathletik m\u00e4nnlich 2010\" href=\"http:\/\/www.jahn-bergturnfest.de\/datein\/Leichtathletik-M2010.pdf\">Ergebnisliste Leichtathletik m\u00e4nnlich<\/a><\/li>\n\n\n\n<li><a title=\"Ger\u00e4tturnen m\u00e4nnlich und weiblich 2010\" href=\"http:\/\/www.jahn-bergturnfest.de\/datein\/Ger\u00e4teturnen-Dreikampf2010.pdf\">Ergebnisliste Ger\u00e4tturnen m\u00e4nnlich und weiblich<\/a><\/li>\n\n\n\n<li><a title=\"Trampolin 2010\" href=\"http:\/\/www.jahn-bergturnfest.de\/datein\/Trampolin_BTF_2010.pdf\">Ergebnisliste vom Trampolinturnen<\/a><\/li>\n\n\n\n<li><a title=\"weitere Wettk\u00e4mpfe 2010\" href=\"http:\/\/www.jahn-bergturnfest.de\/datein\/Sonstiges-2010.pdf\">Ergebnisliste vom Tauziehen, Schwimmen, 12km-Lauf und der Turnschau 2010<\/a><\/li>\n\n\n\n<li><a title=\"Werfervierkampf 2010\" href=\"http:\/\/www.jahn-bergturnfest.de\/datein\/Werfervierkampf2010.pdf\">Ergebnisliste vom Werfervierkampf<\/a><\/li>\n<\/ul>\n\n\n\n<h4 class=\"wp-block-heading\">Die Ergebnisse vom erfolgreichen 74. Jahn-Bergturnfest (2009) sind verf\u00fcgbar. Sie sind nach Geschlecht und Platzierungen sortiert.<\/h4>\n\n\n\n<ul class=\"wp-block-list\">\n<li><a title=\"Leichtathletik weiblich 2009\" href=\"http:\/\/www.jahn-bergturnfest.de\/datein\/Leichtathletik weiblich 2009.pdf\">Ergebnisliste Leichtathletik weiblich<\/a><\/li>\n\n\n\n<li><a title=\"Leichtathletik m\u00e4nnlich 2009\" href=\"http:\/\/www.jahn-bergturnfest.de\/datein\/Leichtathletik mannlich 2009.pdf\">Ergebnisliste Leichtathletik m\u00e4nnlich<\/a><\/li>\n\n\n\n<li><a title=\"Ger\u00e4tturnen m\u00e4nnlich und weiblich 2009\" href=\"http:\/\/www.jahn-bergturnfest.de\/datein\/Geratturnen m+w 2009.pdf\">Ergebnisliste Ger\u00e4tturnen m\u00e4nnlich und weiblich<\/a><\/li>\n\n\n\n<li><a title=\"Langl\u00e4ufer 2009\" href=\"http:\/\/www.jahn-bergturnfest.de\/datein\/Langlaufer09.pdf\">Ergebnisliste der Langl\u00e4ufer 2009<\/a><\/li>\n\n\n\n<li><a title=\"Staffell\u00e4ufe 2009\" href=\"http:\/\/www.jahn-bergturnfest.de\/datein\/Staffellaufe 2009.pdf\">Ergebnisliste der Staffell\u00e4ufe<\/a><\/li>\n\n\n\n<li><a title=\"Trampolin 2009\" href=\"http:\/\/www.jahn-bergturnfest.de\/datein\/Trampolin09.pdf\">Ergebnisliste vom Trampolinturnen<\/a><\/li>\n\n\n\n<li><a title=\"Werfervierkampf 2009\" href=\"http:\/\/www.jahn-bergturnfest.de\/datein\/Werfervierkampf 2009.pdf\">Ergebnisliste vom Werfervierkampf<\/a><\/li>\n<\/ul>\n\n\n\n<h4 class=\"wp-block-heading\">Die Ergebnisse vom 73. Jahn-Bergturnfest (2008) sind hier verf\u00fcgbar. Sie sind nach Geschlecht und Platzierungen sortiert.<\/h4>\n\n\n\n<ul class=\"wp-block-list\">\n<li><a title=\"Leichtathletik weiblich 2008\" href=\"http:\/\/www.jahn-bergturnfest.de\/?page_id=8\">Ergebnisliste Leichtathletik weiblich<\/a><\/li>\n\n\n\n<li><a title=\"Leichtathletik m\u00e4nnlich 2008\" href=\"http:\/\/www.jahn-bergturnfest.de\/?page_id=9\">Ergebnisliste Leichtathletik m\u00e4nnlich<br><\/a><\/li>\n\n\n\n<li><a title=\"Ergebnisse 2008\" href=\"http:\/\/www.jahn-bergturnfest.de\/datein\/Leichtathletik_2008.pdf\">Zusammenfassung Leichtathletik 2008 (PDF)<\/a><\/li>\n\n\n\n<li><a title=\"Turnen 2008 weiblich\" href=\"http:\/\/www.jahn-bergturnfest.de\/?page_id=19\">Ergebnisliste Turnen weiblich<\/a><\/li>\n\n\n\n<li><a title=\"Turnen 2008 m\u00e4nnlich\" href=\"http:\/\/www.jahn-bergturnfest.de\/?page_id=20\">Ergebnisliste Turnen m\u00e4nnlich<\/a><\/li>\n\n\n\n<li><a title=\"Ergebnisse 2008\" href=\"http:\/\/www.jahn-bergturnfest.de\/datein\/Geraet_2008.pdf\">Zusammenfassung Turnen 2008 (PDF)<\/a><\/li>\n<\/ul>\n\n\n\n<hr class=\"wp-block-separator has-alpha-channel-opacity\"\/>\n\n\n\n<p>alle Ergebnisse sind ohne Gew\u00e4hr<\/p>\n","protected":false},"excerpt":{"rendered":"<p>Die Ergebnisse vom erfolgreichen 88. Jahn-Bergturnfest (2025) sind zum Teil verf\u00fcgbar. Die Ergebnisse vom erfolgreichen 87. Jahn-Bergturnfest (2024) sind verf\u00fcgbar. Die Ergebnisse vom erfolgreichen 86. Jahn-Bergturnfest (2023) sind verf\u00fcgbar. Die Ergebnisse vom erfolgreichen 85. Jahn-Bergturnfest (2022) sind verf\u00fcgbar. Die Ergebnisse vom erfolgreichen 84. Jahn-Bergturnfest (2019) sind verf\u00fcgbar. Sie sind nach Geschlecht und Platzierungen sortiert. Die [&hellip;]<\/p>\n","protected":false},"author":1,"featured_media":0,"parent":0,"menu_order":16,"comment_status":"closed","ping_status":"open","template":"","meta":{"ngg_post_thumbnail":0,"footnotes":""},"class_list":["post-7","page","type-page","status-publish","hentry"],"_links":{"self":[{"href":"https:\/\/www.jahn-bergturnfest.de\/index.php?rest_route=\/wp\/v2\/pages\/7","targetHints":{"allow":["GET"]}}],"collection":[{"href":"https:\/\/www.jahn-bergturnfest.de\/index.php?rest_route=\/wp\/v2\/pages"}],"about":[{"href":"https:\/\/www.jahn-bergturnfest.de\/index.php?rest_route=\/wp\/v2\/types\/page"}],"author":[{"embeddable":true,"href":"https:\/\/www.jahn-bergturnfest.de\/index.php?rest_route=\/wp\/v2\/users\/1"}],"replies":[{"embeddable":true,"href":"https:\/\/www.jahn-bergturnfest.de\/index.php?rest_route=%2Fwp%2Fv2%2Fcomments&post=7"}],"version-history":[{"count":53,"href":"https:\/\/www.jahn-bergturnfest.de\/index.php?rest_route=\/wp\/v2\/pages\/7\/revisions"}],"predecessor-version":[{"id":3989,"href":"https:\/\/www.jahn-bergturnfest.de\/index.php?rest_route=\/wp\/v2\/pages\/7\/revisions\/3989"}],"wp:attachment":[{"href":"https:\/\/www.jahn-bergturnfest.de\/index.php?rest_route=%2Fwp%2Fv2%2Fmedia&parent=7"}],"curies":[{"name":"wp","href":"https:\/\/api.w.org\/{rel}","templated":true}]}}